{"id":863,"date":"2025-01-21T14:22:46","date_gmt":"2025-01-21T13:22:46","guid":{"rendered":"https:\/\/admedics.kreativloft.ch\/contact\/"},"modified":"2025-09-04T15:49:26","modified_gmt":"2025-09-04T13:49:26","slug":"contact","status":"publish","type":"page","link":"https:\/\/public.admedics.com\/fr\/contact\/","title":{"rendered":"Contact"},"content":{"rendered":"<div class=\"fusion-fullwidth fullwidth-box fusion-builder-row-1 fusion-flex-container has-pattern-background has-mask-background nonhundred-percent-fullwidth non-hundred-percent-height-scrolling\" style=\"--awb-border-radius-top-left:0px;--awb-border-radius-top-right:0px;--awb-border-radius-bottom-right:0px;--awb-border-radius-bottom-left:0px;--awb-flex-wrap:wrap;\" ><div class=\"fusion-builder-row fusion-row fusion-flex-align-items-flex-start fusion-flex-content-wrap\" style=\"max-width:1664px;margin-left: calc(-4% \/ 2 );margin-right: calc(-4% \/ 2 );\"><div class=\"fusion-layout-column fusion_builder_column fusion-builder-column-0 fusion_builder_column_1_1 1_1 fusion-flex-column\" style=\"--awb-bg-size:cover;--awb-width-large:100%;--awb-margin-top-large:0px;--awb-spacing-right-large:1.92%;--awb-margin-bottom-large:25px;--awb-spacing-left-large:1.92%;--awb-width-medium:100%;--awb-order-medium:0;--awb-spacing-right-medium:1.92%;--awb-spacing-left-medium:1.92%;--awb-width-small:100%;--awb-order-small:0;--awb-spacing-right-small:1.92%;--awb-spacing-left-small:1.92%;\"><div class=\"fusion-column-wrapper fusion-column-has-shadow fusion-flex-justify-content-flex-start fusion-content-layout-column\"><div class=\"fusion-title title fusion-title-1 fusion-sep-none fusion-title-text fusion-title-size-one\"><h1 class=\"fusion-title-heading title-heading-left fusion-responsive-typography-calculated\" style=\"margin:0;--fontSize:63;line-height:1.2;\">Contact<\/h1><\/div><div class=\"fusion-text fusion-text-1\"><p>Veuillez noter que nous distribuons nos produits exclusivement en Suisse.<\/p>\n<\/div><\/div><\/div><div class=\"fusion-layout-column fusion_builder_column fusion-builder-column-1 fusion_builder_column_1_3 1_3 fusion-flex-column\" style=\"--awb-bg-size:cover;--awb-width-large:33.333333333333%;--awb-margin-top-large:0px;--awb-spacing-right-large:5.76%;--awb-margin-bottom-large:25px;--awb-spacing-left-large:5.76%;--awb-width-medium:33.333333333333%;--awb-order-medium:0;--awb-spacing-right-medium:5.76%;--awb-spacing-left-medium:5.76%;--awb-width-small:100%;--awb-order-small:0;--awb-spacing-right-small:1.92%;--awb-spacing-left-small:1.92%;\"><div class=\"fusion-column-wrapper fusion-column-has-shadow fusion-flex-justify-content-flex-start fusion-content-layout-column\"><div class=\"fusion-text fusion-text-2\"><p><strong>ADMEDICS Advanced Medical Solutions AG<\/strong><br \/>\nLangfeldstrasse 26<br \/>\nCH-4528 Zuchwil<\/p>\n<p>Mail: <a href=\"mailto:info@admedics.com\">info@admedics.com<\/a><\/p>\n<p>Tel.: <a href=\"tel:+41326866080\">+41 32 686 60 80<\/a><br \/>\nFax: +41 32 686 60 88<\/p>\n<\/div><\/div><\/div><div class=\"fusion-layout-column fusion_builder_column fusion-builder-column-2 fusion_builder_column_2_3 2_3 fusion-flex-column\" style=\"--awb-bg-size:cover;--awb-width-large:66.666666666667%;--awb-margin-top-large:0px;--awb-spacing-right-large:2.88%;--awb-margin-bottom-large:25px;--awb-spacing-left-large:2.88%;--awb-width-medium:66.666666666667%;--awb-order-medium:0;--awb-spacing-right-medium:2.88%;--awb-spacing-left-medium:2.88%;--awb-width-small:100%;--awb-order-small:0;--awb-spacing-right-small:1.92%;--awb-spacing-left-small:1.92%;\"><div class=\"fusion-column-wrapper fusion-column-has-shadow fusion-flex-justify-content-flex-start fusion-content-layout-column\"><div class=\"fusion-text fusion-text-3\"><div class=\"frm_forms  with_frm_style frm_style_formidable-stil\" id=\"frm_form_4_container\" data-token=\"bf367ba4d745581b2015bc81244eb099\">\n<form enctype=\"multipart\/form-data\" method=\"post\" class=\"frm-show-form  frm_pro_form \" id=\"form_kontaktformular-fr\" data-token=\"bf367ba4d745581b2015bc81244eb099\">\n<div class=\"frm_form_fields \">\n<fieldset>\n<legend class=\"frm_screen_reader\">Kontaktformular FR<\/legend>\r\n\r\n<div class=\"frm_fields_container\">\n<input type=\"hidden\" name=\"frm_action\" value=\"create\" \/>\n<input type=\"hidden\" name=\"form_id\" value=\"4\" \/>\n<input type=\"hidden\" name=\"frm_hide_fields_4\" id=\"frm_hide_fields_4\" value=\"\" \/>\n<input type=\"hidden\" name=\"form_key\" value=\"kontaktformular-fr\" \/>\n<input type=\"hidden\" name=\"item_meta[0]\" value=\"\" \/>\n<input type=\"hidden\" id=\"frm_submit_entry_4\" name=\"frm_submit_entry_4\" value=\"c831dbcaa1\" \/><input type=\"hidden\" name=\"_wp_http_referer\" value=\"\/fr\/wp-json\/wp\/v2\/pages\/863\" \/><div id=\"frm_field_29_container\" class=\"frm_form_field form-field  frm_top_container frm6 frm_first\">\r\n\t<label for=\"field_lm2nx3\" id=\"field_lm2nx3_label\" class=\"frm_primary_label\">Pr\u00e9nom\r\n\t\t<span class=\"frm_required\" aria-hidden=\"true\"><\/span>\r\n\t<\/label>\r\n\t<input  type=\"text\" id=\"field_lm2nx3\" name=\"item_meta[29]\" value=\"\"  data-invmsg=\"Pr\u00e9nom ist ung\u00fcltig\" aria-invalid=\"false\"   \/>\r\n\t\r\n\t\r\n<\/div>\n<div id=\"frm_field_30_container\" class=\"frm_form_field form-field  frm_required_field frm_top_container frm6\">\r\n\t<label for=\"field_j77tu3\" id=\"field_j77tu3_label\" class=\"frm_primary_label\">Nom\r\n\t\t<span class=\"frm_required\" aria-hidden=\"true\">*<\/span>\r\n\t<\/label>\r\n\t<input  type=\"text\" id=\"field_j77tu3\" name=\"item_meta[30]\" value=\"\"  data-reqmsg=\"Nom kann nicht leer sein.\" aria-required=\"true\" data-invmsg=\"Nom ist ung\u00fcltig\" aria-invalid=\"false\"   \/>\r\n\t\r\n\t\r\n<\/div>\n<div id=\"frm_field_31_container\" class=\"frm_form_field form-field  frm_required_field frm_top_container frm_first frm_half\">\r\n\t<label for=\"field_gdg863\" id=\"field_gdg863_label\" class=\"frm_primary_label\">E-Mail\r\n\t\t<span class=\"frm_required\" aria-hidden=\"true\">*<\/span>\r\n\t<\/label>\r\n\t<input type=\"email\" id=\"field_gdg863\" name=\"item_meta[31]\" value=\"\"  autocomplete=\"email\"  data-reqmsg=\"E-Mail kann nicht leer sein.\" aria-required=\"true\" data-invmsg=\"E-Mail ist ung\u00fcltig\" aria-invalid=\"false\"  \/>\r\n\t\r\n\t\r\n<\/div>\n<div id=\"frm_field_32_container\" class=\"frm_form_field form-field  frm_required_field frm_top_container frm_half\">\r\n\t<label for=\"field_erngn3\" id=\"field_erngn3_label\" class=\"frm_primary_label\">T\u00e9l\u00e9phone\r\n\t\t<span class=\"frm_required\" aria-hidden=\"true\">*<\/span>\r\n\t<\/label>\r\n\t<input type=\"tel\" id=\"field_erngn3\" name=\"item_meta[32]\" value=\"\"  data-reqmsg=\"T\u00e9l\u00e9phone kann nicht leer sein.\" aria-required=\"true\" data-invmsg=\"T\u00e9l\u00e9phone ist ung\u00fcltig\" aria-invalid=\"false\" pattern=\"((\\+\\d{1,3}(-|.| )?\\(?\\d\\)?(-| |.)?\\d{1,5})|(\\(?\\d{2,6}\\)?))(-|.| )?(\\d{3,4})(-|.| )?(\\d{4})(( x| ext)\\d{1,5}){0,1}$\"  \/>\r\n\t\r\n\t\r\n<\/div>\n<div id=\"frm_field_33_container\" class=\"frm_form_field form-field  frm_top_container frm12\">\r\n\t<label for=\"field_p0nr43\" id=\"field_p0nr43_label\" class=\"frm_primary_label\">H\u00f4pital\/Cabinet\r\n\t\t<span class=\"frm_required\" aria-hidden=\"true\"><\/span>\r\n\t<\/label>\r\n\t<input  type=\"text\" id=\"field_p0nr43\" name=\"item_meta[33]\" value=\"\"  data-invmsg=\"H\u00f4pital\/Cabinet ist ung\u00fcltig\" aria-invalid=\"false\"   \/>\r\n\t\r\n\t\r\n<\/div>\n<div id=\"frm_field_34_container\" class=\"frm_form_field form-field  frm_required_field frm_top_container frm12\">\r\n\t<label for=\"field_okp1l3\" id=\"field_okp1l3_label\" class=\"frm_primary_label\">Message\r\n\t\t<span class=\"frm_required\" aria-hidden=\"true\">*<\/span>\r\n\t<\/label>\r\n\t<textarea name=\"item_meta[34]\" id=\"field_okp1l3\"  data-reqmsg=\"Message kann nicht leer sein.\" aria-required=\"true\" data-invmsg=\"Message ist ung\u00fcltig\" aria-invalid=\"false\"  ><\/textarea>\r\n\t\r\n\t\r\n<\/div>\n<div id=\"frm_field_35_container\" class=\"frm_form_field form-field  frm_required_field frm_top_container vertical_radio\">\r\n\t<div  id=\"field_iodwi3_label\" class=\"frm_primary_label\">Protection des donn\u00e9e\r\n\t\t<span class=\"frm_required\" aria-hidden=\"true\">*<\/span>\r\n\t<\/div>\r\n\t<div class=\"frm_opt_container\" aria-labelledby=\"field_iodwi3_label\" role=\"group\">\t\t<div class=\"frm_checkbox\" id=\"frm_checkbox_35-0\">\t\t\t<label  for=\"field_iodwi3-0\">\n\t\t\t<input type=\"checkbox\" name=\"item_meta[35][]\" id=\"field_iodwi3-0\" value=\"Oui, j&#039;ai lu la &lt;a href=&quot;\/fr\/politique-de-confidentialite\/&quot;&gt;protection des donn\u00e9es&lt;\/a&gt; et j&#039;accepte.\"  data-reqmsg=\"Protection des donn\u00e9e kann nicht leer sein.\" data-invmsg=\"Protection des donn\u00e9e est non valide\"   aria-required=\"true\"  \/> Oui, j'ai lu la <a href=\"\/fr\/politique-de-confidentialite\/\">protection des donn\u00e9es<\/a> et j'accepte.<\/label><\/div>\n<\/div>\r\n\t\r\n\t\r\n<\/div>\n<div id=\"frm_field_36_container\" class=\"frm_form_field form-field  frm2\">\r\n\t<div class=\"frm_submit frm_flex\">\r\n<button class=\"frm_button_submit frm_final_submit\" type=\"submit\"   formnovalidate=\"formnovalidate\">Envoyer<\/button>\r\n\r\n\r\n\r\n<\/div>\r\n<\/div>\n\t<input type=\"hidden\" name=\"item_key\" value=\"\" \/>\n\t\t\t<div id=\"frm_field_49_container\">\n\t\t\t<label for=\"field_eg724\" >\n\t\t\t\tSi vous \u00eates un humain, ne remplissez pas ce champ.\t\t\t<\/label>\n\t\t\t<input  id=\"field_eg724\" type=\"text\" class=\"frm_form_field form-field frm_verify\" name=\"item_meta[49]\" value=\"\"  \/>\n\t\t<\/div>\n\t\t<input name=\"frm_state\" type=\"hidden\" value=\"tcs86oPT\/tpJOOEcP55cdj77HxFKQEueMNsx8NGcyUtWp5unJEtKZvKrU3bKxgul\" \/><\/div>\n<\/fieldset>\n<\/div>\n\n<\/form>\n<\/div>\n\n<\/div><\/div><\/div><\/div><\/div>\n","protected":false},"excerpt":{"rendered":"","protected":false},"author":1,"featured_media":0,"parent":0,"menu_order":3,"comment_status":"closed","ping_status":"closed","template":"100-width.php","meta":{"footnotes":""},"class_list":["post-863","page","type-page","status-publish","hentry"],"yoast_head":"<!-- This site is optimized with the Yoast SEO plugin v27.0 - https:\/\/yoast.com\/product\/yoast-seo-wordpress\/ -->\n<title>Contact - Admedics Advanced Medical Solutions AG<\/title>\n<meta name=\"robots\" content=\"index, follow, max-snippet:-1, max-image-preview:large, max-video-preview:-1\" \/>\n<link rel=\"canonical\" href=\"https:\/\/public.admedics.com\/fr\/contact\/\" \/>\n<meta property=\"og:locale\" content=\"fr_FR\" \/>\n<meta property=\"og:type\" content=\"article\" \/>\n<meta property=\"og:title\" content=\"Contact - Admedics Advanced Medical Solutions AG\" \/>\n<meta property=\"og:url\" content=\"https:\/\/public.admedics.com\/fr\/contact\/\" \/>\n<meta property=\"og:site_name\" content=\"Admedics Advanced Medical Solutions AG\" \/>\n<meta property=\"article:modified_time\" content=\"2025-09-04T13:49:26+00:00\" \/>\n<meta name=\"twitter:card\" content=\"summary_large_image\" \/>\n<meta name=\"twitter:label1\" content=\"Dur\u00e9e de lecture estim\u00e9e\" \/>\n\t<meta name=\"twitter:data1\" content=\"1 minute\" \/>\n<script type=\"application\/ld+json\" class=\"yoast-schema-graph\">{\"@context\":\"https:\/\/schema.org\",\"@graph\":[{\"@type\":\"WebPage\",\"@id\":\"https:\/\/public.admedics.com\/fr\/contact\/\",\"url\":\"https:\/\/public.admedics.com\/fr\/contact\/\",\"name\":\"Contact - Admedics Advanced Medical Solutions AG\",\"isPartOf\":{\"@id\":\"https:\/\/public.admedics.com\/fr\/#website\"},\"datePublished\":\"2025-01-21T13:22:46+00:00\",\"dateModified\":\"2025-09-04T13:49:26+00:00\",\"breadcrumb\":{\"@id\":\"https:\/\/public.admedics.com\/fr\/contact\/#breadcrumb\"},\"inLanguage\":\"fr-FR\",\"potentialAction\":[{\"@type\":\"ReadAction\",\"target\":[\"https:\/\/public.admedics.com\/fr\/contact\/\"]}]},{\"@type\":\"BreadcrumbList\",\"@id\":\"https:\/\/public.admedics.com\/fr\/contact\/#breadcrumb\",\"itemListElement\":[{\"@type\":\"ListItem\",\"position\":1,\"name\":\"Home\",\"item\":\"https:\/\/public.admedics.com\/fr\/\"},{\"@type\":\"ListItem\",\"position\":2,\"name\":\"Contact\"}]},{\"@type\":\"WebSite\",\"@id\":\"https:\/\/public.admedics.com\/fr\/#website\",\"url\":\"https:\/\/public.admedics.com\/fr\/\",\"name\":\"Admedics Advanced Medical Solutions AG\",\"description\":\"\",\"publisher\":{\"@id\":\"https:\/\/public.admedics.com\/fr\/#organization\"},\"potentialAction\":[{\"@type\":\"SearchAction\",\"target\":{\"@type\":\"EntryPoint\",\"urlTemplate\":\"https:\/\/public.admedics.com\/fr\/?s={search_term_string}\"},\"query-input\":{\"@type\":\"PropertyValueSpecification\",\"valueRequired\":true,\"valueName\":\"search_term_string\"}}],\"inLanguage\":\"fr-FR\"},{\"@type\":\"Organization\",\"@id\":\"https:\/\/public.admedics.com\/fr\/#organization\",\"name\":\"Admedics Advanced Medical Solutions AG\",\"url\":\"https:\/\/public.admedics.com\/fr\/\",\"logo\":{\"@type\":\"ImageObject\",\"inLanguage\":\"fr-FR\",\"@id\":\"https:\/\/public.admedics.com\/fr\/#\/schema\/logo\/image\/\",\"url\":\"https:\/\/public.admedics.com\/wp-content\/uploads\/ADMEDICS_Logo_250px.png\",\"contentUrl\":\"https:\/\/public.admedics.com\/wp-content\/uploads\/ADMEDICS_Logo_250px.png\",\"width\":250,\"height\":144,\"caption\":\"Admedics Advanced Medical Solutions AG\"},\"image\":{\"@id\":\"https:\/\/public.admedics.com\/fr\/#\/schema\/logo\/image\/\"}}]}<\/script>\n<!-- \/ Yoast SEO plugin. -->","yoast_head_json":{"title":"Contact - Admedics Advanced Medical Solutions AG","robots":{"index":"index","follow":"follow","max-snippet":"max-snippet:-1","max-image-preview":"max-image-preview:large","max-video-preview":"max-video-preview:-1"},"canonical":"https:\/\/public.admedics.com\/fr\/contact\/","og_locale":"fr_FR","og_type":"article","og_title":"Contact - Admedics Advanced Medical Solutions AG","og_url":"https:\/\/public.admedics.com\/fr\/contact\/","og_site_name":"Admedics Advanced Medical Solutions AG","article_modified_time":"2025-09-04T13:49:26+00:00","twitter_card":"summary_large_image","twitter_misc":{"Dur\u00e9e de lecture estim\u00e9e":"1 minute"},"schema":{"@context":"https:\/\/schema.org","@graph":[{"@type":"WebPage","@id":"https:\/\/public.admedics.com\/fr\/contact\/","url":"https:\/\/public.admedics.com\/fr\/contact\/","name":"Contact - Admedics Advanced Medical Solutions AG","isPartOf":{"@id":"https:\/\/public.admedics.com\/fr\/#website"},"datePublished":"2025-01-21T13:22:46+00:00","dateModified":"2025-09-04T13:49:26+00:00","breadcrumb":{"@id":"https:\/\/public.admedics.com\/fr\/contact\/#breadcrumb"},"inLanguage":"fr-FR","potentialAction":[{"@type":"ReadAction","target":["https:\/\/public.admedics.com\/fr\/contact\/"]}]},{"@type":"BreadcrumbList","@id":"https:\/\/public.admedics.com\/fr\/contact\/#breadcrumb","itemListElement":[{"@type":"ListItem","position":1,"name":"Home","item":"https:\/\/public.admedics.com\/fr\/"},{"@type":"ListItem","position":2,"name":"Contact"}]},{"@type":"WebSite","@id":"https:\/\/public.admedics.com\/fr\/#website","url":"https:\/\/public.admedics.com\/fr\/","name":"Admedics Advanced Medical Solutions AG","description":"","publisher":{"@id":"https:\/\/public.admedics.com\/fr\/#organization"},"potentialAction":[{"@type":"SearchAction","target":{"@type":"EntryPoint","urlTemplate":"https:\/\/public.admedics.com\/fr\/?s={search_term_string}"},"query-input":{"@type":"PropertyValueSpecification","valueRequired":true,"valueName":"search_term_string"}}],"inLanguage":"fr-FR"},{"@type":"Organization","@id":"https:\/\/public.admedics.com\/fr\/#organization","name":"Admedics Advanced Medical Solutions AG","url":"https:\/\/public.admedics.com\/fr\/","logo":{"@type":"ImageObject","inLanguage":"fr-FR","@id":"https:\/\/public.admedics.com\/fr\/#\/schema\/logo\/image\/","url":"https:\/\/public.admedics.com\/wp-content\/uploads\/ADMEDICS_Logo_250px.png","contentUrl":"https:\/\/public.admedics.com\/wp-content\/uploads\/ADMEDICS_Logo_250px.png","width":250,"height":144,"caption":"Admedics Advanced Medical Solutions AG"},"image":{"@id":"https:\/\/public.admedics.com\/fr\/#\/schema\/logo\/image\/"}}]}},"_links":{"self":[{"href":"https:\/\/public.admedics.com\/fr\/wp-json\/wp\/v2\/pages\/863","targetHints":{"allow":["GET"]}}],"collection":[{"href":"https:\/\/public.admedics.com\/fr\/wp-json\/wp\/v2\/pages"}],"about":[{"href":"https:\/\/public.admedics.com\/fr\/wp-json\/wp\/v2\/types\/page"}],"author":[{"embeddable":true,"href":"https:\/\/public.admedics.com\/fr\/wp-json\/wp\/v2\/users\/1"}],"replies":[{"embeddable":true,"href":"https:\/\/public.admedics.com\/fr\/wp-json\/wp\/v2\/comments?post=863"}],"version-history":[{"count":0,"href":"https:\/\/public.admedics.com\/fr\/wp-json\/wp\/v2\/pages\/863\/revisions"}],"wp:attachment":[{"href":"https:\/\/public.admedics.com\/fr\/wp-json\/wp\/v2\/media?parent=863"}],"curies":[{"name":"wp","href":"https:\/\/api.w.org\/{rel}","templated":true}]}}