{"id":880,"date":"2025-02-11T10:35:23","date_gmt":"2025-02-11T09:35:23","guid":{"rendered":"https:\/\/admedics.kreativloft.ch\/cgv\/"},"modified":"2025-08-18T15:40:19","modified_gmt":"2025-08-18T13:40:19","slug":"cgv","status":"publish","type":"page","link":"https:\/\/public.admedics.com\/fr\/cgv\/","title":{"rendered":"CGV"},"content":{"rendered":"<div class=\"fusion-fullwidth fullwidth-box fusion-builder-row-1 fusion-flex-container has-pattern-background has-mask-background nonhundred-percent-fullwidth non-hundred-percent-height-scrolling\" style=\"--awb-border-radius-top-left:0px;--awb-border-radius-top-right:0px;--awb-border-radius-bottom-right:0px;--awb-border-radius-bottom-left:0px;--awb-flex-wrap:wrap;\" ><div class=\"fusion-builder-row fusion-row fusion-flex-align-items-flex-start fusion-flex-content-wrap\" style=\"max-width:1664px;margin-left: calc(-4% \/ 2 );margin-right: calc(-4% \/ 2 );\"><div class=\"fusion-layout-column fusion_builder_column fusion-builder-column-0 fusion_builder_column_2_3 2_3 fusion-flex-column\" style=\"--awb-bg-size:cover;--awb-width-large:66.666666666667%;--awb-margin-top-large:0px;--awb-spacing-right-large:2.88%;--awb-margin-bottom-large:25px;--awb-spacing-left-large:2.88%;--awb-width-medium:66.666666666667%;--awb-order-medium:0;--awb-spacing-right-medium:2.88%;--awb-spacing-left-medium:2.88%;--awb-width-small:100%;--awb-order-small:0;--awb-spacing-right-small:1.92%;--awb-spacing-left-small:1.92%;\"><div class=\"fusion-column-wrapper fusion-column-has-shadow fusion-flex-justify-content-flex-start fusion-content-layout-column\"><div class=\"fusion-text fusion-text-1\"><h1>Conditions g\u00e9n\u00e9rales de vente<\/h1>\n<p>Les conditions g\u00e9n\u00e9rales de vente suivantes s&rsquo;appliquent, sauf mention contraire expresse dans le contrat.<\/p>\n<h3>1. Prix<\/h3>\n<p>Tous les prix indiqu\u00e9s sur les listes de prix s&rsquo;entendent hors TVA. <\/p>\n<h3>2. Exp\u00e9dition\/Transport\/Assurance<\/h3>\n<p>Les commandes de clients pass\u00e9es jusqu&rsquo;\u00e0 une heure avant la fermeture des bureaux sont garanties d&rsquo;\u00eatre trait\u00e9es le jour ouvrable et, si la marchandise est en stock, d&rsquo;\u00eatre envoy\u00e9es en PostPac Priority.<\/p>\n<p>Les frais de port de CHF 10.00 sont factur\u00e9s pour les envois dont la valeur brute de la commande est en dessous de CHF 500.00.<\/p>\n<p>Les clients dont le montant annuel est &gt;= CHF 23&rsquo;000.00 ne doivent pas payer de frais de port l&rsquo;ann\u00e9e suivante, ind\u00e9pendamment de la valeur brute de la commande.<\/p>\n<p>En cas de livraison partielle, les frais de port ne sont factur\u00e9s que pour la premi\u00e8re livraison.<\/p>\n<p>La marchandise est assur\u00e9e par ADMEDICS contre la perte et les dommages. Le destinataire est toutefois tenu de signaler au livreur les pertes ou les dommages de toute nature, y compris l&#8217;emballage, d\u00e8s la r\u00e9ception de la marchandise. <\/p>\n<p>Le contenu des envois doit \u00eatre v\u00e9rifi\u00e9 imm\u00e9diatement. Les r\u00e9clamations doivent \u00eatre adress\u00e9es par \u00e9crit \u00e0 ADMEDICS et ne seront prises en compte que dans un d\u00e9lai de 3 jour ouvrable apr\u00e8s r\u00e9ception de la marchandise. <\/p>\n<h3>3. Conditions de paiement<\/h3>\n<p>En r\u00e8gle g\u00e9n\u00e9rale, le d\u00e9lai de paiement est de 30 jours net. En cas de retard de paiement, ADMEDICS a le droit de facturer des int\u00e9r\u00eats moratoires de 1 % par mois. <\/p>\n<h3>4. Reprise\/\u00c9change<\/h3>\n<p>Une reprise \u00e0 la suite d\u2019une commande fausse de la part du client est accept\u00e9e sans discussion dans un d\u00e9lai de 14 jours.<br \/>\nApr\u00e8s 14 jours, chaque demande sera examin\u00e9e et \u00e9valu\u00e9e s\u00e9par\u00e9ment. Dans ce cas, les frais de retour sont \u00e0 la charge du client. Les frais d&rsquo;envoi pour le retour de marchandises livr\u00e9es de mani\u00e8re incorrecte sont pris en charge par ADMEDICS.   Seule la marchandise neuve et non utilis\u00e9e, dans son emballage d&rsquo;origine non endommag\u00e9 et accompagn\u00e9e de son mode d&#8217;emploi, sera reprise ou \u00e9chang\u00e9e.<\/p>\n<h3>5. Garantie<\/h3>\n<p>ADMEDICS accorde la garantie conform\u00e9ment aux instructions du fabricant.<br \/>\nLa garantie ne couvre pas les travaux d&rsquo;entretien prescrits par le l\u00e9gislateur ou le fabricant.<br \/>\nLa r\u00e9paration des d\u00e9fauts s&rsquo;effectue selon les instructions du fabricant et est clarifi\u00e9e par ADMEDICS.<\/p>\n<h3>6. Droit d&rsquo;auteur\/Protection des donn\u00e9es<\/h3>\n<p>ADMEDICS se r\u00e9serve sans restriction les droits de propri\u00e9t\u00e9 et les droits d&rsquo;auteur sur les dessins, documents techniques et autres informations ; ceux-ci ne doivent pas \u00eatre mis \u00e0 la disposition de tiers sans l&rsquo;accord \u00e9crit d&rsquo;ADMEDICS.<br \/>\nADMEDICS attire l&rsquo;attention sur le fait que les donn\u00e9es clients re\u00e7us sont trait\u00e9es et enregistr\u00e9es \u00e0 des fins propres.<\/p>\n<h3>7. R\u00e8gles de s\u00e9curit\u00e9<\/h3>\n<p>Le client est responsable du respect des lois, ordonnances et prescriptions de s\u00e9curit\u00e9 nationales, notamment en ce qui concerne l&rsquo;homologation, le conseil et la formation des utilisateurs finaux, l&rsquo;installation, l&rsquo;exploitation, l&rsquo;entretien et la tra\u00e7abilit\u00e9 des objets livr\u00e9s, et il est tenu de s&rsquo;y conformer. Tout changement de propri\u00e9taire doit \u00eatre communiqu\u00e9 \u00e0 ADMEDICS. Le client est tenu d&rsquo;indemniser ADMEDICS de toutes les pr\u00e9tentions r\u00e9sultant du non-respect de telles prescriptions par le client.  <\/p>\n<h3>8. Reprise et mise au rebut des appareils<\/h3>\n<p>ADMEDICS ne reprend pour le recyclage que les appareils qui ont \u00e9t\u00e9 mis gratuitement \u00e0 disposition. Les appareils en possession du client doivent \u00eatre recycl\u00e9s en bonne et due forme par le client. <\/p>\n<h3>9. Annulation de la commande<\/h3>\n<p>Si le client annule une commande sans qu&rsquo;ADMEDICS en soit responsable, ADMEDICS est en droit de facturer au client les frais d\u00e9j\u00e0 engag\u00e9s.<\/p>\n<h3>10. For et droit applicable<\/h3>\n<p>Le for juridique est Soleure et le Droit Suisse est applicable, \u00e0 l&rsquo;exclusion de la Convention de Vienne.<\/p>\n<\/div><\/div><\/div><\/div><\/div>\n","protected":false},"excerpt":{"rendered":"","protected":false},"author":1,"featured_media":0,"parent":0,"menu_order":0,"comment_status":"closed","ping_status":"closed","template":"100-width.php","meta":{"footnotes":""},"class_list":["post-880","page","type-page","status-publish","hentry"],"yoast_head":"<!-- This site is optimized with the Yoast SEO plugin v27.0 - https:\/\/yoast.com\/product\/yoast-seo-wordpress\/ -->\n<title>CGV - Admedics Advanced Medical Solutions AG<\/title>\n<meta name=\"robots\" content=\"index, follow, max-snippet:-1, max-image-preview:large, max-video-preview:-1\" \/>\n<link rel=\"canonical\" href=\"https:\/\/public.admedics.com\/fr\/cgv\/\" \/>\n<meta property=\"og:locale\" content=\"fr_FR\" \/>\n<meta property=\"og:type\" content=\"article\" \/>\n<meta property=\"og:title\" content=\"CGV - Admedics Advanced Medical Solutions AG\" \/>\n<meta property=\"og:url\" content=\"https:\/\/public.admedics.com\/fr\/cgv\/\" \/>\n<meta property=\"og:site_name\" content=\"Admedics Advanced Medical Solutions AG\" \/>\n<meta property=\"article:modified_time\" content=\"2025-08-18T13:40:19+00:00\" \/>\n<meta name=\"twitter:card\" content=\"summary_large_image\" \/>\n<meta name=\"twitter:label1\" content=\"Dur\u00e9e de lecture estim\u00e9e\" \/>\n\t<meta name=\"twitter:data1\" content=\"9 minutes\" \/>\n<script type=\"application\/ld+json\" class=\"yoast-schema-graph\">{\"@context\":\"https:\/\/schema.org\",\"@graph\":[{\"@type\":\"WebPage\",\"@id\":\"https:\/\/public.admedics.com\/fr\/cgv\/\",\"url\":\"https:\/\/public.admedics.com\/fr\/cgv\/\",\"name\":\"CGV - Admedics Advanced Medical Solutions AG\",\"isPartOf\":{\"@id\":\"https:\/\/public.admedics.com\/fr\/#website\"},\"datePublished\":\"2025-02-11T09:35:23+00:00\",\"dateModified\":\"2025-08-18T13:40:19+00:00\",\"breadcrumb\":{\"@id\":\"https:\/\/public.admedics.com\/fr\/cgv\/#breadcrumb\"},\"inLanguage\":\"fr-FR\",\"potentialAction\":[{\"@type\":\"ReadAction\",\"target\":[\"https:\/\/public.admedics.com\/fr\/cgv\/\"]}]},{\"@type\":\"BreadcrumbList\",\"@id\":\"https:\/\/public.admedics.com\/fr\/cgv\/#breadcrumb\",\"itemListElement\":[{\"@type\":\"ListItem\",\"position\":1,\"name\":\"Home\",\"item\":\"https:\/\/public.admedics.com\/fr\/\"},{\"@type\":\"ListItem\",\"position\":2,\"name\":\"CGV\"}]},{\"@type\":\"WebSite\",\"@id\":\"https:\/\/public.admedics.com\/fr\/#website\",\"url\":\"https:\/\/public.admedics.com\/fr\/\",\"name\":\"Admedics Advanced Medical Solutions AG\",\"description\":\"\",\"publisher\":{\"@id\":\"https:\/\/public.admedics.com\/fr\/#organization\"},\"potentialAction\":[{\"@type\":\"SearchAction\",\"target\":{\"@type\":\"EntryPoint\",\"urlTemplate\":\"https:\/\/public.admedics.com\/fr\/?s={search_term_string}\"},\"query-input\":{\"@type\":\"PropertyValueSpecification\",\"valueRequired\":true,\"valueName\":\"search_term_string\"}}],\"inLanguage\":\"fr-FR\"},{\"@type\":\"Organization\",\"@id\":\"https:\/\/public.admedics.com\/fr\/#organization\",\"name\":\"Admedics Advanced Medical Solutions AG\",\"url\":\"https:\/\/public.admedics.com\/fr\/\",\"logo\":{\"@type\":\"ImageObject\",\"inLanguage\":\"fr-FR\",\"@id\":\"https:\/\/public.admedics.com\/fr\/#\/schema\/logo\/image\/\",\"url\":\"https:\/\/public.admedics.com\/wp-content\/uploads\/ADMEDICS_Logo_250px.png\",\"contentUrl\":\"https:\/\/public.admedics.com\/wp-content\/uploads\/ADMEDICS_Logo_250px.png\",\"width\":250,\"height\":144,\"caption\":\"Admedics Advanced Medical Solutions AG\"},\"image\":{\"@id\":\"https:\/\/public.admedics.com\/fr\/#\/schema\/logo\/image\/\"}}]}<\/script>\n<!-- \/ Yoast SEO plugin. -->","yoast_head_json":{"title":"CGV - Admedics Advanced Medical Solutions AG","robots":{"index":"index","follow":"follow","max-snippet":"max-snippet:-1","max-image-preview":"max-image-preview:large","max-video-preview":"max-video-preview:-1"},"canonical":"https:\/\/public.admedics.com\/fr\/cgv\/","og_locale":"fr_FR","og_type":"article","og_title":"CGV - Admedics Advanced Medical Solutions AG","og_url":"https:\/\/public.admedics.com\/fr\/cgv\/","og_site_name":"Admedics Advanced Medical Solutions AG","article_modified_time":"2025-08-18T13:40:19+00:00","twitter_card":"summary_large_image","twitter_misc":{"Dur\u00e9e de lecture estim\u00e9e":"9 minutes"},"schema":{"@context":"https:\/\/schema.org","@graph":[{"@type":"WebPage","@id":"https:\/\/public.admedics.com\/fr\/cgv\/","url":"https:\/\/public.admedics.com\/fr\/cgv\/","name":"CGV - Admedics Advanced Medical Solutions AG","isPartOf":{"@id":"https:\/\/public.admedics.com\/fr\/#website"},"datePublished":"2025-02-11T09:35:23+00:00","dateModified":"2025-08-18T13:40:19+00:00","breadcrumb":{"@id":"https:\/\/public.admedics.com\/fr\/cgv\/#breadcrumb"},"inLanguage":"fr-FR","potentialAction":[{"@type":"ReadAction","target":["https:\/\/public.admedics.com\/fr\/cgv\/"]}]},{"@type":"BreadcrumbList","@id":"https:\/\/public.admedics.com\/fr\/cgv\/#breadcrumb","itemListElement":[{"@type":"ListItem","position":1,"name":"Home","item":"https:\/\/public.admedics.com\/fr\/"},{"@type":"ListItem","position":2,"name":"CGV"}]},{"@type":"WebSite","@id":"https:\/\/public.admedics.com\/fr\/#website","url":"https:\/\/public.admedics.com\/fr\/","name":"Admedics Advanced Medical Solutions AG","description":"","publisher":{"@id":"https:\/\/public.admedics.com\/fr\/#organization"},"potentialAction":[{"@type":"SearchAction","target":{"@type":"EntryPoint","urlTemplate":"https:\/\/public.admedics.com\/fr\/?s={search_term_string}"},"query-input":{"@type":"PropertyValueSpecification","valueRequired":true,"valueName":"search_term_string"}}],"inLanguage":"fr-FR"},{"@type":"Organization","@id":"https:\/\/public.admedics.com\/fr\/#organization","name":"Admedics Advanced Medical Solutions AG","url":"https:\/\/public.admedics.com\/fr\/","logo":{"@type":"ImageObject","inLanguage":"fr-FR","@id":"https:\/\/public.admedics.com\/fr\/#\/schema\/logo\/image\/","url":"https:\/\/public.admedics.com\/wp-content\/uploads\/ADMEDICS_Logo_250px.png","contentUrl":"https:\/\/public.admedics.com\/wp-content\/uploads\/ADMEDICS_Logo_250px.png","width":250,"height":144,"caption":"Admedics Advanced Medical Solutions AG"},"image":{"@id":"https:\/\/public.admedics.com\/fr\/#\/schema\/logo\/image\/"}}]}},"_links":{"self":[{"href":"https:\/\/public.admedics.com\/fr\/wp-json\/wp\/v2\/pages\/880","targetHints":{"allow":["GET"]}}],"collection":[{"href":"https:\/\/public.admedics.com\/fr\/wp-json\/wp\/v2\/pages"}],"about":[{"href":"https:\/\/public.admedics.com\/fr\/wp-json\/wp\/v2\/types\/page"}],"author":[{"embeddable":true,"href":"https:\/\/public.admedics.com\/fr\/wp-json\/wp\/v2\/users\/1"}],"replies":[{"embeddable":true,"href":"https:\/\/public.admedics.com\/fr\/wp-json\/wp\/v2\/comments?post=880"}],"version-history":[{"count":0,"href":"https:\/\/public.admedics.com\/fr\/wp-json\/wp\/v2\/pages\/880\/revisions"}],"wp:attachment":[{"href":"https:\/\/public.admedics.com\/fr\/wp-json\/wp\/v2\/media?parent=880"}],"curies":[{"name":"wp","href":"https:\/\/api.w.org\/{rel}","templated":true}]}}