{"id":883,"date":"2025-02-11T10:35:23","date_gmt":"2025-02-11T09:35:23","guid":{"rendered":"https:\/\/admedics.kreativloft.ch\/cgc\/"},"modified":"2025-08-18T15:40:19","modified_gmt":"2025-08-18T13:40:19","slug":"cgc","status":"publish","type":"page","link":"https:\/\/public.admedics.com\/it\/cgc\/","title":{"rendered":"CGC"},"content":{"rendered":"<div class=\"fusion-fullwidth fullwidth-box fusion-builder-row-1 fusion-flex-container has-pattern-background has-mask-background nonhundred-percent-fullwidth non-hundred-percent-height-scrolling\" style=\"--awb-border-radius-top-left:0px;--awb-border-radius-top-right:0px;--awb-border-radius-bottom-right:0px;--awb-border-radius-bottom-left:0px;--awb-flex-wrap:wrap;\" ><div class=\"fusion-builder-row fusion-row fusion-flex-align-items-flex-start fusion-flex-content-wrap\" style=\"max-width:1664px;margin-left: calc(-4% \/ 2 );margin-right: calc(-4% \/ 2 );\"><div class=\"fusion-layout-column fusion_builder_column fusion-builder-column-0 fusion_builder_column_2_3 2_3 fusion-flex-column\" style=\"--awb-bg-size:cover;--awb-width-large:66.666666666667%;--awb-margin-top-large:0px;--awb-spacing-right-large:2.88%;--awb-margin-bottom-large:25px;--awb-spacing-left-large:2.88%;--awb-width-medium:66.666666666667%;--awb-order-medium:0;--awb-spacing-right-medium:2.88%;--awb-spacing-left-medium:2.88%;--awb-width-small:100%;--awb-order-small:0;--awb-spacing-right-small:1.92%;--awb-spacing-left-small:1.92%;\"><div class=\"fusion-column-wrapper fusion-column-has-shadow fusion-flex-justify-content-flex-start fusion-content-layout-column\"><div class=\"fusion-text fusion-text-1\"><h1>Condizioni generali di contratto<\/h1>\n<p>Salvo diversamente specificato nel contratto, si applicano le seguenti condizioni generali di contratto.<\/p>\n<h3>1. Prezzi<\/h3>\n<p>Tutti i prezzi indicati nei listini prezzi sono IVA esclusa. IVA esclusa. <\/p>\n<h3>2. Spedizione\/Trasporto\/Assicurazione<\/h3>\n<p>Gli ordini dei clienti che pervengono fino a un&#8217;ora prima della chiusura degli uffici vengono garantiti per l&#8217;elaborazione nello stesso giorno lavorativo e, se la merce \u00e8 disponibile a magazzino, vengono spediti con PostPac Priority.<\/p>\n<p>Per le spedizioni di merci il cui valore lordo totale \u00e8 inferiore a CHF 500.00 vengono addebitate spese di spedizione pari a CHF 10.00.<\/p>\n<p>I clienti con un fatturato annuo &gt;&gt;= CHF 23&#8217;000.00 non devono pagare le spese di spedizione nell&#8217;anno precedente, indipendentemente dal valore lordo dell&#8217;ordine.<\/p>\n<p>In caso di consegne parziali, le spese di spedizione vengono addebitate solo alla primiera consegna.<\/p>\n<p>La merce \u00e8 assicurata da ADMEDICS contro smarrimento e danni. Il destinatario \u00e8 tuttavia tenuto a segnalare immediatamente al corriere eventuali smarrimenti o danni di qualsiasi tipo, compresi quelli relativi all&#8217;imballaggio, al momento della ricezione della merce. <\/p>\n<p>Il contenuto degli invii deve essere verificato immediatamente. Eventuali reclami devono essere inviati per iscritto ad ADMEDICS e saranno presi in considerazione solo entro 3 giorni lavorativi dal ricevimento della merce. <\/p>\n<h3>3. Condizioni di pagamento<\/h3>\n<p>Il termine di pagamento \u00e8 generalmente di 30 giorni, al netto. In caso di ritardi nei pagamenti, ADMEDICS ha il diritto di addebitare un interesse di mora dell&#8217;1% al mese. <\/p>\n<h3>4. Ritiro\/Cambio<\/h3>\n<p>I resi dovuti a ordini errati da parte del cliente saranno accettati senza discussioni entro 14 giorni.<br \/>\nDopo 14 giorni, ogni richiesta verr\u00e0 esaminata e valutata separatamente. In tal caso, i costi di restituzione saranno a carico del cliente. Le spese di spedizione per la restituzione di merce consegnata erroneamente saranno a carico di ADMEDICS.   Saranno ritirati o sostituiti solo prodotti nuovi e non utilizzati nella confezione originale integra, comprese le istruzioni per l&#8217;uso.<\/p>\n<h3>5. Garanzia<\/h3>\n<p>ADMEDICS concede la garanzia secondo le specifiche del produttore.<br \/>\nLa garanzia non si estende agli interventi di manutenzione prescritti dal legislatore o dal produttore.<br \/>\nLa riparazione dei difetti viene effettuata secondo le specifiche del produttore e viene chiarita da ADMEDICS.<\/p>\n<h3>6. Diritti d&#8217;autore\/Protezione dei dati<\/h3>\n<p>ADMEDICS si riserva senza limitazioni i diritti di propriet\u00e0 e di protezione del diritto d\u2019autore su disegni, documentazione tecnica e altre informazioni; essi non possono essere resi accessibili a terzi senza il consenso scritto di ADMEDICS.<br \/>\nADMEDICS fa presente che i dati dei clienti ricevuti vengono elaborati e memorizzati per scopi propri.<\/p>\n<h3>7. Norme di sicurezza<\/h3>\n<p>Il cliente \u00e8 responsabile del rispetto delle leggi, dei regolamenti e delle norme di sicurezza nazionali, in particolare per quanto riguarda l&#8217;omologazione, la consulenza e la formazione degli utenti finali, l&#8217;installazione, il funzionamento, la manutenzione e la tracciabilit\u00e0 degli articoli forniti, ed \u00e8 tenuto a rispettarli. Ogni cambio di propriet\u00e0 deve essere comunicato ad ADMEDICS. Il cliente \u00e8 tenuto a manlevare ADMEDICS da tutte le rivendicazioni derivanti dal mancato rispetto di tali disposizioni da parte del cliente. <\/p>\n<h3>8. Ritiro e smaltimento degli apparecchi<\/h3>\n<p>ADMEDICS ritira solo gli apparecchi messi a disposizione gratuitamente. Le apparecchiature di propriet\u00e0 del cliente devono essere smaltite correttamente dal cliente stesso. <\/p>\n<h3>9. Recesso dal contratto<\/h3>\n<p>Se il cliente annulla un ordine senza che ci\u00f2 sia imputabile ad ADMEDICS, ADMEDICS ha il diritto di addebitare al cliente i costi gi\u00e0 sostenuti.<\/p>\n<h3>10. Foro competente e diritto applicabile<\/h3>\n<p>Il foro competente \u00e8 Soletta; si applica esclusivamente il diritto svizzero, con esclusione della Convenzione di Vienna sulla vendita internazionale di beni mobili.<\/p>\n<\/div><\/div><\/div><\/div><\/div>\n","protected":false},"excerpt":{"rendered":"","protected":false},"author":1,"featured_media":0,"parent":0,"menu_order":0,"comment_status":"closed","ping_status":"closed","template":"100-width.php","meta":{"footnotes":""},"class_list":["post-883","page","type-page","status-publish","hentry"],"yoast_head":"<!-- This site is optimized with the Yoast SEO plugin v27.0 - https:\/\/yoast.com\/product\/yoast-seo-wordpress\/ -->\n<title>CGC - Admedics Advanced Medical Solutions AG<\/title>\n<meta name=\"robots\" content=\"index, follow, max-snippet:-1, max-image-preview:large, max-video-preview:-1\" \/>\n<link rel=\"canonical\" href=\"https:\/\/public.admedics.com\/it\/cgc\/\" \/>\n<meta property=\"og:locale\" content=\"it_IT\" \/>\n<meta property=\"og:type\" content=\"article\" \/>\n<meta property=\"og:title\" content=\"CGC - Admedics Advanced Medical Solutions AG\" \/>\n<meta property=\"og:url\" content=\"https:\/\/public.admedics.com\/it\/cgc\/\" \/>\n<meta property=\"og:site_name\" content=\"Admedics Advanced Medical Solutions AG\" \/>\n<meta property=\"article:modified_time\" content=\"2025-08-18T13:40:19+00:00\" \/>\n<meta name=\"twitter:card\" content=\"summary_large_image\" \/>\n<meta name=\"twitter:label1\" content=\"Tempo di lettura stimato\" \/>\n\t<meta name=\"twitter:data1\" content=\"8 minuti\" \/>\n<script type=\"application\/ld+json\" class=\"yoast-schema-graph\">{\"@context\":\"https:\/\/schema.org\",\"@graph\":[{\"@type\":\"WebPage\",\"@id\":\"https:\/\/public.admedics.com\/it\/cgc\/\",\"url\":\"https:\/\/public.admedics.com\/it\/cgc\/\",\"name\":\"CGC - Admedics Advanced Medical Solutions AG\",\"isPartOf\":{\"@id\":\"https:\/\/public.admedics.com\/it\/#website\"},\"datePublished\":\"2025-02-11T09:35:23+00:00\",\"dateModified\":\"2025-08-18T13:40:19+00:00\",\"breadcrumb\":{\"@id\":\"https:\/\/public.admedics.com\/it\/cgc\/#breadcrumb\"},\"inLanguage\":\"it-IT\",\"potentialAction\":[{\"@type\":\"ReadAction\",\"target\":[\"https:\/\/public.admedics.com\/it\/cgc\/\"]}]},{\"@type\":\"BreadcrumbList\",\"@id\":\"https:\/\/public.admedics.com\/it\/cgc\/#breadcrumb\",\"itemListElement\":[{\"@type\":\"ListItem\",\"position\":1,\"name\":\"Home\",\"item\":\"https:\/\/public.admedics.com\/it\/\"},{\"@type\":\"ListItem\",\"position\":2,\"name\":\"CGC\"}]},{\"@type\":\"WebSite\",\"@id\":\"https:\/\/public.admedics.com\/it\/#website\",\"url\":\"https:\/\/public.admedics.com\/it\/\",\"name\":\"Admedics Advanced Medical Solutions AG\",\"description\":\"\",\"publisher\":{\"@id\":\"https:\/\/public.admedics.com\/it\/#organization\"},\"potentialAction\":[{\"@type\":\"SearchAction\",\"target\":{\"@type\":\"EntryPoint\",\"urlTemplate\":\"https:\/\/public.admedics.com\/it\/?s={search_term_string}\"},\"query-input\":{\"@type\":\"PropertyValueSpecification\",\"valueRequired\":true,\"valueName\":\"search_term_string\"}}],\"inLanguage\":\"it-IT\"},{\"@type\":\"Organization\",\"@id\":\"https:\/\/public.admedics.com\/it\/#organization\",\"name\":\"Admedics Advanced Medical Solutions AG\",\"url\":\"https:\/\/public.admedics.com\/it\/\",\"logo\":{\"@type\":\"ImageObject\",\"inLanguage\":\"it-IT\",\"@id\":\"https:\/\/public.admedics.com\/it\/#\/schema\/logo\/image\/\",\"url\":\"https:\/\/public.admedics.com\/wp-content\/uploads\/ADMEDICS_Logo_250px.png\",\"contentUrl\":\"https:\/\/public.admedics.com\/wp-content\/uploads\/ADMEDICS_Logo_250px.png\",\"width\":250,\"height\":144,\"caption\":\"Admedics Advanced Medical Solutions AG\"},\"image\":{\"@id\":\"https:\/\/public.admedics.com\/it\/#\/schema\/logo\/image\/\"}}]}<\/script>\n<!-- \/ Yoast SEO plugin. -->","yoast_head_json":{"title":"CGC - Admedics Advanced Medical Solutions AG","robots":{"index":"index","follow":"follow","max-snippet":"max-snippet:-1","max-image-preview":"max-image-preview:large","max-video-preview":"max-video-preview:-1"},"canonical":"https:\/\/public.admedics.com\/it\/cgc\/","og_locale":"it_IT","og_type":"article","og_title":"CGC - Admedics Advanced Medical Solutions AG","og_url":"https:\/\/public.admedics.com\/it\/cgc\/","og_site_name":"Admedics Advanced Medical Solutions AG","article_modified_time":"2025-08-18T13:40:19+00:00","twitter_card":"summary_large_image","twitter_misc":{"Tempo di lettura stimato":"8 minuti"},"schema":{"@context":"https:\/\/schema.org","@graph":[{"@type":"WebPage","@id":"https:\/\/public.admedics.com\/it\/cgc\/","url":"https:\/\/public.admedics.com\/it\/cgc\/","name":"CGC - Admedics Advanced Medical Solutions AG","isPartOf":{"@id":"https:\/\/public.admedics.com\/it\/#website"},"datePublished":"2025-02-11T09:35:23+00:00","dateModified":"2025-08-18T13:40:19+00:00","breadcrumb":{"@id":"https:\/\/public.admedics.com\/it\/cgc\/#breadcrumb"},"inLanguage":"it-IT","potentialAction":[{"@type":"ReadAction","target":["https:\/\/public.admedics.com\/it\/cgc\/"]}]},{"@type":"BreadcrumbList","@id":"https:\/\/public.admedics.com\/it\/cgc\/#breadcrumb","itemListElement":[{"@type":"ListItem","position":1,"name":"Home","item":"https:\/\/public.admedics.com\/it\/"},{"@type":"ListItem","position":2,"name":"CGC"}]},{"@type":"WebSite","@id":"https:\/\/public.admedics.com\/it\/#website","url":"https:\/\/public.admedics.com\/it\/","name":"Admedics Advanced Medical Solutions AG","description":"","publisher":{"@id":"https:\/\/public.admedics.com\/it\/#organization"},"potentialAction":[{"@type":"SearchAction","target":{"@type":"EntryPoint","urlTemplate":"https:\/\/public.admedics.com\/it\/?s={search_term_string}"},"query-input":{"@type":"PropertyValueSpecification","valueRequired":true,"valueName":"search_term_string"}}],"inLanguage":"it-IT"},{"@type":"Organization","@id":"https:\/\/public.admedics.com\/it\/#organization","name":"Admedics Advanced Medical Solutions AG","url":"https:\/\/public.admedics.com\/it\/","logo":{"@type":"ImageObject","inLanguage":"it-IT","@id":"https:\/\/public.admedics.com\/it\/#\/schema\/logo\/image\/","url":"https:\/\/public.admedics.com\/wp-content\/uploads\/ADMEDICS_Logo_250px.png","contentUrl":"https:\/\/public.admedics.com\/wp-content\/uploads\/ADMEDICS_Logo_250px.png","width":250,"height":144,"caption":"Admedics Advanced Medical Solutions AG"},"image":{"@id":"https:\/\/public.admedics.com\/it\/#\/schema\/logo\/image\/"}}]}},"_links":{"self":[{"href":"https:\/\/public.admedics.com\/it\/wp-json\/wp\/v2\/pages\/883","targetHints":{"allow":["GET"]}}],"collection":[{"href":"https:\/\/public.admedics.com\/it\/wp-json\/wp\/v2\/pages"}],"about":[{"href":"https:\/\/public.admedics.com\/it\/wp-json\/wp\/v2\/types\/page"}],"author":[{"embeddable":true,"href":"https:\/\/public.admedics.com\/it\/wp-json\/wp\/v2\/users\/1"}],"replies":[{"embeddable":true,"href":"https:\/\/public.admedics.com\/it\/wp-json\/wp\/v2\/comments?post=883"}],"version-history":[{"count":0,"href":"https:\/\/public.admedics.com\/it\/wp-json\/wp\/v2\/pages\/883\/revisions"}],"wp:attachment":[{"href":"https:\/\/public.admedics.com\/it\/wp-json\/wp\/v2\/media?parent=883"}],"curies":[{"name":"wp","href":"https:\/\/api.w.org\/{rel}","templated":true}]}}